{"id":1002,"date":"2019-11-19T10:22:28","date_gmt":"2019-11-19T09:22:28","guid":{"rendered":"http:\/\/hervaled.mailbox-marketing6.be\/over-ons\/"},"modified":"2022-10-11T12:33:17","modified_gmt":"2022-10-11T10:33:17","slug":"a-propos-de-nous","status":"publish","type":"page","link":"https:\/\/www.brilliant-led.be\/fr\/a-propos-de-nous\/","title":{"rendered":"A propos de nous"},"content":{"rendered":"\t\t<div data-elementor-type=\"wp-page\" data-elementor-id=\"1002\" class=\"elementor elementor-1002 elementor-29\" data-elementor-post-type=\"page\">\n\t\t\t\t\t\t<section class=\"elementor-section elementor-top-section elementor-element elementor-element-2901d1f elementor-section-content-middle nonfull-5 elementor-section-boxed elementor-section-height-default elementor-section-height-default\" data-id=\"2901d1f\" data-element_type=\"section\" data-e-type=\"section\" data-settings=\"{&quot;jet_parallax_layout_list&quot;:[],&quot;background_background&quot;:&quot;classic&quot;}\">\n\t\t\t\t\t\t<div class=\"elementor-container elementor-column-gap-default\">\n\t\t\t\t\t<div class=\"elementor-column elementor-col-50 elementor-top-column elementor-element elementor-element-24e2e61\" data-id=\"24e2e61\" data-element_type=\"column\" data-e-type=\"column\">\n\t\t\t<div class=\"elementor-widget-wrap elementor-element-populated\">\n\t\t\t\t\t\t<div class=\"elementor-element elementor-element-f3a8d79 elementor-widget elementor-widget-jet-headline\" data-id=\"f3a8d79\" data-element_type=\"widget\" data-e-type=\"widget\" data-widget_type=\"jet-headline.default\">\n\t\t\t\t<div class=\"elementor-widget-container\">\n\t\t\t\t\t<h1 class=\"jet-headline jet-headline--direction-vertical\"><span class=\"jet-headline__part jet-headline__first\"><span class=\"jet-headline__label\">Allons-y pour le num\u00e9rique<\/span><\/span><span class=\"jet-headline__part jet-headline__second\"><span class=\"jet-headline__label\">Logique, non ?<\/span><\/span><\/h1>\t\t\t\t<\/div>\n\t\t\t\t<\/div>\n\t\t\t\t\t<\/div>\n\t\t<\/div>\n\t\t\t\t<div class=\"elementor-column elementor-col-50 elementor-top-column elementor-element elementor-element-ce3fd43\" data-id=\"ce3fd43\" data-element_type=\"column\" data-e-type=\"column\">\n\t\t\t<div class=\"elementor-widget-wrap elementor-element-populated\">\n\t\t\t\t\t\t<div class=\"elementor-element elementor-element-60045eb elementor-widget elementor-widget-text-editor\" data-id=\"60045eb\" data-element_type=\"widget\" data-e-type=\"widget\" data-widget_type=\"text-editor.default\">\n\t\t\t\t<div class=\"elementor-widget-container\">\n\t\t\t\t\t\t\t\t\t<p>Depuis 1966, Brilliant est un acteur connu dans la r\u00e9gion de la Campine. Surtout en tant qu&#8217;entreprise d&#8217;impression traditionnelle. Depuis plus de 50 ans, vous pouvez compter sur notre exp\u00e9rience et sur un service de tr\u00e8s haut niveau<span style=\"font-family: 'Arial',sans-serif;\">.<\/span><\/p>\n<p>Quelque 27 000 impressions sont remplac\u00e9es chaque ann\u00e9e. Passer \u00e0 des \u00e9crans num\u00e9riques LED ou LCD pourrait donc \u00eatre une <strong>solution financi\u00e8rement int\u00e9ressante<\/strong> pour de nombreuses entreprises. Compte tenu de notre vaste exp\u00e9rience dans le domaine des int\u00e9rieurs et des rev\u00eatements de fa\u00e7ade, nous avons pour objectif de devenir un acteur important dans le domaine de la signalisation num\u00e9rique C&#8217;est pourquoi Brilliant LED Solutions a \u00e9t\u00e9 lanc\u00e9 r\u00e9cemment. <\/p>\n\t\t\t\t\t\t\t\t<\/div>\n\t\t\t\t<\/div>\n\t\t\t\t\t<\/div>\n\t\t<\/div>\n\t\t\t\t\t<\/div>\n\t\t<\/section>\n\t\t\t\t<section class=\"elementor-section elementor-top-section elementor-element elementor-element-65a161d elementor-section-full_width elementor-section-content-middle nonfull-5 elementor-section-height-default elementor-section-height-default\" data-id=\"65a161d\" data-element_type=\"section\" data-e-type=\"section\" data-settings=\"{&quot;jet_parallax_layout_list&quot;:[],&quot;background_background&quot;:&quot;classic&quot;}\">\n\t\t\t\t\t\t<div class=\"elementor-container elementor-column-gap-default\">\n\t\t\t\t\t<div class=\"elementor-column elementor-col-50 elementor-top-column elementor-element elementor-element-fc7a55b\" data-id=\"fc7a55b\" data-element_type=\"column\" data-e-type=\"column\">\n\t\t\t<div class=\"elementor-widget-wrap elementor-element-populated\">\n\t\t\t\t\t\t<div class=\"elementor-element elementor-element-cfd948a elementor-widget elementor-widget-jet-headline\" data-id=\"cfd948a\" data-element_type=\"widget\" data-e-type=\"widget\" data-widget_type=\"jet-headline.default\">\n\t\t\t\t<div class=\"elementor-widget-container\">\n\t\t\t\t\t<h2 class=\"jet-headline jet-headline--direction-vertical\"><span class=\"jet-headline__part jet-headline__first\"><span class=\"jet-headline__label\">Brilliant LED solutions fait partie<\/span><\/span><span class=\"jet-headline__part jet-headline__second\"><span class=\"jet-headline__label\">du groupe Herva<\/span><\/span><\/h2>\t\t\t\t<\/div>\n\t\t\t\t<\/div>\n\t\t\t\t<div class=\"elementor-element elementor-element-ae812ba elementor-widget elementor-widget-text-editor\" data-id=\"ae812ba\" data-element_type=\"widget\" data-e-type=\"widget\" data-widget_type=\"text-editor.default\">\n\t\t\t\t<div class=\"elementor-widget-container\">\n\t\t\t\t\t\t\t\t\t<\/p>\n<p>Allons-y pour le num\u00e9rique ? Logique apr\u00e8s tout !<\/p>\n<p>Les \u00e9crans LED install\u00e9s de mani\u00e8re permanente b\u00e9n\u00e9ficient d&#8217;une garantie de 5 ans et offrent un large \u00e9ventail d&#8217;opportunit\u00e9s commerciales et financi\u00e8res. <\/p>\n<p>Chez Brilliant, environ 24 personnes s&#8217;investissent activement chaque jour pour que votre entreprise se distingue des autres.<\/p>\n<p>Led&#8217;s be brilliant together!<\/p>\n\t\t\t\t\t\t\t\t<\/div>\n\t\t\t\t<\/div>\n\t\t\t\t<div class=\"elementor-element elementor-element-9823a39 elementor-widget__width-auto elementor-widget elementor-widget-button\" data-id=\"9823a39\" data-element_type=\"widget\" data-e-type=\"widget\" data-widget_type=\"button.default\">\n\t\t\t\t<div class=\"elementor-widget-container\">\n\t\t\t\t\t\t\t\t\t<div class=\"elementor-button-wrapper\">\n\t\t\t\t\t<a class=\"elementor-button elementor-button-link elementor-size-sm\" href=\"http:\/\/www.herva-shop.be\" target=\"_blank\">\n\t\t\t\t\t\t<span class=\"elementor-button-content-wrapper\">\n\t\t\t\t\t\t\t\t\t<span class=\"elementor-button-text\">Vers la boutique en ligne<\/span>\n\t\t\t\t\t<\/span>\n\t\t\t\t\t<\/a>\n\t\t\t\t<\/div>\n\t\t\t\t\t\t\t\t<\/div>\n\t\t\t\t<\/div>\n\t\t\t\t\t<\/div>\n\t\t<\/div>\n\t\t\t\t<div class=\"elementor-column elementor-col-50 elementor-top-column elementor-element elementor-element-33a91cd\" data-id=\"33a91cd\" data-element_type=\"column\" data-e-type=\"column\">\n\t\t\t<div class=\"elementor-widget-wrap elementor-element-populated\">\n\t\t\t\t\t\t<div class=\"elementor-element elementor-element-fb6544c hoek-rechtsonder elementor-widget elementor-widget-image\" data-id=\"fb6544c\" data-element_type=\"widget\" data-e-type=\"widget\" data-widget_type=\"image.default\">\n\t\t\t\t<div class=\"elementor-widget-container\">\n\t\t\t\t\t\t\t\t\t\t\t\t\t\t\t<img fetchpriority=\"high\" decoding=\"async\" width=\"800\" height=\"533\" src=\"https:\/\/www.brilliant-led.be\/wp-content\/uploads\/2019\/11\/Uslim2.6-Orlando-USA-Middel-1024x682.jpg\" class=\"attachment-large size-large wp-image-1311\" alt=\"indoor led scherm\" srcset=\"https:\/\/www.brilliant-led.be\/wp-content\/uploads\/2019\/11\/Uslim2.6-Orlando-USA-Middel-1024x682.jpg 1024w, https:\/\/www.brilliant-led.be\/wp-content\/uploads\/2019\/11\/Uslim2.6-Orlando-USA-Middel-300x200.jpg 300w, https:\/\/www.brilliant-led.be\/wp-content\/uploads\/2019\/11\/Uslim2.6-Orlando-USA-Middel-768x512.jpg 768w, https:\/\/www.brilliant-led.be\/wp-content\/uploads\/2019\/11\/Uslim2.6-Orlando-USA-Middel-1536x1024.jpg 1536w, https:\/\/www.brilliant-led.be\/wp-content\/uploads\/2019\/11\/Uslim2.6-Orlando-USA-Middel-2048x1365.jpg 2048w, https:\/\/www.brilliant-led.be\/wp-content\/uploads\/2019\/11\/Uslim2.6-Orlando-USA-Middel.jpg 1152w\" sizes=\"(max-width: 800px) 100vw, 800px\" \/>\t\t\t\t\t\t\t\t\t\t\t\t\t\t\t<\/div>\n\t\t\t\t<\/div>\n\t\t\t\t\t<\/div>\n\t\t<\/div>\n\t\t\t\t\t<\/div>\n\t\t<\/section>\n\t\t\t\t<section class=\"elementor-section elementor-top-section elementor-element elementor-element-e88f268 elementor-section-full_width elementor-section-content-middle nonfull-5 elementor-section-height-default elementor-section-height-default\" data-id=\"e88f268\" data-element_type=\"section\" data-e-type=\"section\" data-settings=\"{&quot;jet_parallax_layout_list&quot;:[]}\">\n\t\t\t\t\t\t<div class=\"elementor-container elementor-column-gap-default\">\n\t\t\t\t\t<div class=\"elementor-column elementor-col-50 elementor-top-column elementor-element elementor-element-e275dc2\" data-id=\"e275dc2\" data-element_type=\"column\" data-e-type=\"column\">\n\t\t\t<div class=\"elementor-widget-wrap elementor-element-populated\">\n\t\t\t\t\t\t<div class=\"elementor-element elementor-element-b3c3f57 hoek-rechtsonder elementor-widget elementor-widget-image\" data-id=\"b3c3f57\" data-element_type=\"widget\" data-e-type=\"widget\" data-widget_type=\"image.default\">\n\t\t\t\t<div class=\"elementor-widget-container\">\n\t\t\t\t\t\t\t\t\t\t\t\t\t\t\t<img decoding=\"async\" width=\"800\" height=\"600\" src=\"https:\/\/www.brilliant-led.be\/wp-content\/uploads\/2020\/07\/Over-Ons-IMG_0915-1024x768.jpg\" class=\"attachment-large size-large wp-image-2395\" alt=\"Herva en Brilliant team\" srcset=\"https:\/\/www.brilliant-led.be\/wp-content\/uploads\/2020\/07\/Over-Ons-IMG_0915-1024x768.jpg 1024w, https:\/\/www.brilliant-led.be\/wp-content\/uploads\/2020\/07\/Over-Ons-IMG_0915-300x225.jpg 300w, https:\/\/www.brilliant-led.be\/wp-content\/uploads\/2020\/07\/Over-Ons-IMG_0915-768x576.jpg 768w, https:\/\/www.brilliant-led.be\/wp-content\/uploads\/2020\/07\/Over-Ons-IMG_0915-1536x1152.jpg 1536w, https:\/\/www.brilliant-led.be\/wp-content\/uploads\/2020\/07\/Over-Ons-IMG_0915-2048x1536.jpg 2048w\" sizes=\"(max-width: 800px) 100vw, 800px\" \/>\t\t\t\t\t\t\t\t\t\t\t\t\t\t\t<\/div>\n\t\t\t\t<\/div>\n\t\t\t\t\t<\/div>\n\t\t<\/div>\n\t\t\t\t<div class=\"elementor-column elementor-col-50 elementor-top-column elementor-element elementor-element-41e9462\" data-id=\"41e9462\" data-element_type=\"column\" data-e-type=\"column\">\n\t\t\t<div class=\"elementor-widget-wrap elementor-element-populated\">\n\t\t\t\t\t\t<div class=\"elementor-element elementor-element-cec47a7 elementor-widget elementor-widget-jet-headline\" data-id=\"cec47a7\" data-element_type=\"widget\" data-e-type=\"widget\" data-widget_type=\"jet-headline.default\">\n\t\t\t\t<div class=\"elementor-widget-container\">\n\t\t\t\t\t<h2 class=\"jet-headline jet-headline--direction-vertical\"><span class=\"jet-headline__part jet-headline__first\"><span class=\"jet-headline__label\">Nous sommes l\u00e0 pour vous<\/span><\/span><\/h2>\t\t\t\t<\/div>\n\t\t\t\t<\/div>\n\t\t\t\t<div class=\"elementor-element elementor-element-8a4dfc0 elementor-widget elementor-widget-text-editor\" data-id=\"8a4dfc0\" data-element_type=\"widget\" data-e-type=\"widget\" data-widget_type=\"text-editor.default\">\n\t\t\t\t<div class=\"elementor-widget-container\">\n\t\t\t\t\t\t\t\t\t<p>24 employ\u00e9s enthousiastes sont pr\u00eats pour vous chaque jour. Avec le m\u00eame objectif et un grand sourire, nous sommes heureux d&#8217;y parvenir pour vous.<\/p>\n<p>Vous pouvez compter sur une \u00e9quipe de personnes aux talents et aux exp\u00e9riences uniques.<\/p>\n<p>Chez nous, vous go\u00fbtez \u00e0 une ambiance familiale. C&#8217;est pourquoi il est agr\u00e9able et respectueux de travailler pour et avec nous.<\/p>\n<p>Travail dur, plaisir intense. C&#8217;est pour cela que nous le faisons, tous les jours !<\/p>\n\t\t\t\t\t\t\t\t<\/div>\n\t\t\t\t<\/div>\n\t\t\t\t<div class=\"elementor-element elementor-element-c978291 elementor-widget__width-auto elementor-widget elementor-widget-button\" data-id=\"c978291\" data-element_type=\"widget\" data-e-type=\"widget\" data-widget_type=\"button.default\">\n\t\t\t\t<div class=\"elementor-widget-container\">\n\t\t\t\t\t\t\t\t\t<div class=\"elementor-button-wrapper\">\n\t\t\t\t\t<a class=\"elementor-button elementor-size-sm\" role=\"button\">\n\t\t\t\t\t\t<span class=\"elementor-button-content-wrapper\">\n\t\t\t\t\t\t\t\t\t<span class=\"elementor-button-text\">Voir nos projets complets<\/span>\n\t\t\t\t\t<\/span>\n\t\t\t\t\t<\/a>\n\t\t\t\t<\/div>\n\t\t\t\t\t\t\t\t<\/div>\n\t\t\t\t<\/div>\n\t\t\t\t\t<\/div>\n\t\t<\/div>\n\t\t\t\t\t<\/div>\n\t\t<\/section>\n\t\t\t\t<\/div>\n\t\t","protected":false},"excerpt":{"rendered":"<p>Allons-y pour le num\u00e9riqueLogique, non ? Depuis 1966, Brilliant est un acteur connu dans la r\u00e9gion de la Campine. Surtout en tant qu&#8217;entreprise d&#8217;impression traditionnelle. Depuis plus de 50 ans, vous pouvez compter sur notre exp\u00e9rience et sur un service de tr\u00e8s haut niveau. Quelque 27 000 impressions sont remplac\u00e9es chaque ann\u00e9e. Passer \u00e0 des [&hellip;]<\/p>\n","protected":false},"author":2,"featured_media":0,"parent":0,"menu_order":0,"comment_status":"closed","ping_status":"closed","template":"","meta":{"_seopress_robots_primary_cat":"","_seopress_titles_title":"Fournisseur fiable d'une gamme compl\u00e8te d'\u00e9crans LED et LCD - Brilliant LED Solutions","_seopress_titles_desc":"Les \u00e9crans LED sont la solution la plus efficace pour votre publicit\u00e9 visuelle. Nous proposons des solutions LED et LCD de haute qualit\u00e9 pour diverses applications. ","_seopress_robots_index":"","footnotes":""},"class_list":["post-1002","page","type-page","status-publish","hentry"],"_links":{"self":[{"href":"https:\/\/www.brilliant-led.be\/fr\/wp-json\/wp\/v2\/pages\/1002","targetHints":{"allow":["GET"]}}],"collection":[{"href":"https:\/\/www.brilliant-led.be\/fr\/wp-json\/wp\/v2\/pages"}],"about":[{"href":"https:\/\/www.brilliant-led.be\/fr\/wp-json\/wp\/v2\/types\/page"}],"author":[{"embeddable":true,"href":"https:\/\/www.brilliant-led.be\/fr\/wp-json\/wp\/v2\/users\/2"}],"replies":[{"embeddable":true,"href":"https:\/\/www.brilliant-led.be\/fr\/wp-json\/wp\/v2\/comments?post=1002"}],"version-history":[{"count":0,"href":"https:\/\/www.brilliant-led.be\/fr\/wp-json\/wp\/v2\/pages\/1002\/revisions"}],"wp:attachment":[{"href":"https:\/\/www.brilliant-led.be\/fr\/wp-json\/wp\/v2\/media?parent=1002"}],"curies":[{"name":"wp","href":"https:\/\/api.w.org\/{rel}","templated":true}]}}