{"id":2251,"date":"2020-05-14T17:14:49","date_gmt":"2020-05-14T15:14:49","guid":{"rendered":"https:\/\/www.brilliant-led.be\/privacy-beleid\/"},"modified":"2022-10-11T13:34:19","modified_gmt":"2022-10-11T11:34:19","slug":"politique-de-confidentialite","status":"publish","type":"page","link":"https:\/\/www.brilliant-led.be\/fr\/politique-de-confidentialite\/","title":{"rendered":"Politique de confidentialit\u00e9"},"content":{"rendered":"\t\t<div data-elementor-type=\"wp-page\" data-elementor-id=\"2251\" class=\"elementor elementor-2251 elementor-2240\" data-elementor-post-type=\"page\">\n\t\t\t\t\t\t<section class=\"elementor-section elementor-top-section elementor-element elementor-element-39fc0d8 elementor-section-content-middle nonfull-5 elementor-section-boxed elementor-section-height-default elementor-section-height-default\" data-id=\"39fc0d8\" data-element_type=\"section\" data-e-type=\"section\" data-settings=\"{&quot;jet_parallax_layout_list&quot;:[],&quot;background_background&quot;:&quot;classic&quot;}\">\n\t\t\t\t\t\t<div class=\"elementor-container elementor-column-gap-default\">\n\t\t\t\t\t<div class=\"elementor-column elementor-col-50 elementor-top-column elementor-element elementor-element-fd341e2\" data-id=\"fd341e2\" data-element_type=\"column\" data-e-type=\"column\">\n\t\t\t<div class=\"elementor-widget-wrap elementor-element-populated\">\n\t\t\t\t\t\t<div class=\"elementor-element elementor-element-a32faac elementor-widget elementor-widget-jet-headline\" data-id=\"a32faac\" data-element_type=\"widget\" data-e-type=\"widget\" data-widget_type=\"jet-headline.default\">\n\t\t\t\t<div class=\"elementor-widget-container\">\n\t\t\t\t\t<h1 class=\"jet-headline jet-headline--direction-vertical\"><span class=\"jet-headline__part jet-headline__first\"><span class=\"jet-headline__label\">Politique<\/span><\/span><span class=\"jet-headline__part jet-headline__second\"><span class=\"jet-headline__label\">de confidentialit\u00e9<\/span><\/span><\/h1>\t\t\t\t<\/div>\n\t\t\t\t<\/div>\n\t\t\t\t\t<\/div>\n\t\t<\/div>\n\t\t\t\t<div class=\"elementor-column elementor-col-50 elementor-top-column elementor-element elementor-element-9503099\" data-id=\"9503099\" data-element_type=\"column\" data-e-type=\"column\">\n\t\t\t<div class=\"elementor-widget-wrap\">\n\t\t\t\t\t\t\t<\/div>\n\t\t<\/div>\n\t\t\t\t\t<\/div>\n\t\t<\/section>\n\t\t\t\t<section class=\"elementor-section elementor-top-section elementor-element elementor-element-ba5e0c2 elementor-section-boxed elementor-section-height-default elementor-section-height-default\" data-id=\"ba5e0c2\" data-element_type=\"section\" data-e-type=\"section\" data-settings=\"{&quot;jet_parallax_layout_list&quot;:[]}\">\n\t\t\t\t\t\t<div class=\"elementor-container elementor-column-gap-default\">\n\t\t\t\t\t<div class=\"elementor-column elementor-col-100 elementor-top-column elementor-element elementor-element-15b802e\" data-id=\"15b802e\" data-element_type=\"column\" data-e-type=\"column\">\n\t\t\t<div class=\"elementor-widget-wrap elementor-element-populated\">\n\t\t\t\t\t\t<div class=\"elementor-element elementor-element-a20fba1 elementor-widget elementor-widget-text-editor\" data-id=\"a20fba1\" data-element_type=\"widget\" data-e-type=\"widget\" data-widget_type=\"text-editor.default\">\n\t\t\t\t<div class=\"elementor-widget-container\">\n\t\t\t\t\t\t\t\t\t<p><strong>G\u00c9N\u00c9RALIT\u00c9S<\/strong><\/p>\n<p>Les donn\u00e9es personnelles collect\u00e9es par le biais de ce site web ne sont utilis\u00e9es que dans le cadre du traitement des commandes, pour vous contacter et vous proposer des mises \u00e0 jour et du marketing. Ces informations resteront confidentielles et ne seront ni transmises ni vendues \u00e0 des tiers.<\/p>\n<p>Ce site web est la propri\u00e9t\u00e9 de Brilliant bv<\/p>\n<p>Coordonn\u00e9es de contact : Stadsestraat 51, B-2250 Olen<br \/>Adresse du si\u00e8ge social : Stadsestraat 51, B-2250 Olen<br \/>T\u00e9l\u00e9phone : +32 14 55 69 22<br \/>Courriel : <a href=\"mailto:info@brilliant-led.be\" target=\"_blank\" rel=\"noopener\">info@brilliant-led.be<\/a><br \/>Num\u00e9ro d&#8217;entreprise : TVA BE-0816.755.440<br \/>RPR : Tribunal de commerce de l&#8217;arrondissement de Turnhout<\/p>\n<p>En acc\u00e9dant et en utilisant le site web, vous acceptez express\u00e9ment les conditions suivantes..<\/p>\n<p><strong>Droits de propri\u00e9t\u00e9 intellectuelle<\/strong><\/p>\n<p>Le contenu de ce site, y compris les marques, les logos, les dessins, les donn\u00e9es, les noms de produits ou de soci\u00e9t\u00e9s, les textes, les images, etc. sont prot\u00e9g\u00e9s par des droits intellectuels et appartiennent \u00e0 BRILLIANT ou \u00e0 des tiers habilit\u00e9s.<\/p>\n<p><strong>Limitation de la responsabilit\u00e9<\/strong><\/p>\n<p>Les informations figurant sur le site web sont de nature g\u00e9n\u00e9rale. Les informations ne sont pas adapt\u00e9es \u00e0 des circonstances personnelles ou sp\u00e9cifiques, et ne peuvent donc pas \u00eatre consid\u00e9r\u00e9es comme des conseils personnels, professionnels ou juridiques \u00e0 l&#8217;utilisateur.<\/p>\n<p>BRILLIANT met tout en \u0153uvre pour que les informations mises \u00e0 disposition soient compl\u00e8tes, correctes, pr\u00e9cises et actualis\u00e9es. Malgr\u00e9 ces efforts, des inexactitudes peuvent appara\u00eetre dans les informations mises \u00e0 disposition. Si les informations fournies contiennent des inexactitudes ou si certaines informations sur ou via le site sont indisponibles, name company fera tout son possible pour y rem\u00e9dier dans les meilleurs d\u00e9lais.<\/p>\n<p>Toutefois, BRILLIANT ne peut \u00eatre tenu responsable des dommages directs ou indirects r\u00e9sultant de l&#8217;utilisation des informations de ce site.<\/p>\n<p>Si vous constatez des inexactitudes dans les informations mises \u00e0 disposition par le site, veuillez contacter l&#8217;administrateur du site.<\/p>\n<p>Le contenu du site (y compris les liens) peut \u00eatre adapt\u00e9, modifi\u00e9 ou compl\u00e9t\u00e9 \u00e0 tout moment sans pr\u00e9avis ni notification. BRILLIANT ne garantit pas le bon fonctionnement du site et ne peut en aucun cas \u00eatre tenu responsable d&#8217;un dysfonctionnement ou d&#8217;une (non)disponibilit\u00e9 temporaire du site ou de toute forme de dommage, direct ou indirect, qui r\u00e9sulterait de l&#8217;acc\u00e8s ou de l&#8217;utilisation du site.<\/p>\n<p>En aucun cas, BRILLIANT ne peut \u00eatre tenu responsable envers qui que ce soit, directement ou indirectement, sp\u00e9cifiquement ou autrement, des dommages dus \u00e0 l&#8217;utilisation de ce site ou de tout autre, notamment \u00e0 la suite de liens ou d&#8217;hyperliens, y compris, sans limitation, toutes les pertes, interruptions de travail, dommages aux programmes ou autres donn\u00e9es sur le syst\u00e8me informatique, l&#8217;\u00e9quipement, les logiciels ou autres de l&#8217;utilisateur.<\/p>\n<p>Le site web peut contenir des hyperliens vers des sites ou des pages de tiers, ou y faire indirectement r\u00e9f\u00e9rence. L&#8217;affichage de liens vers ces sites ou pages n&#8217;implique en aucun cas une approbation implicite de leur contenu.<\/p>\n<p>BRILLIANT d\u00e9clare express\u00e9ment qu&#8217;elle n&#8217;a aucun contr\u00f4le sur le contenu ou les autres caract\u00e9ristiques de ces sites web et ne peut en aucun cas \u00eatre tenue responsable de leur contenu ou de leurs caract\u00e9ristiques ou de toute autre forme de dommage r\u00e9sultant de leur utilisation.<\/p>\n<p><strong>Droit applicable et tribunaux comp\u00e9tents<\/strong><\/p>\n<p>Le droit belge s&#8217;applique \u00e0 ce site. En cas de litige, seuls les tribunaux de l&#8217;arrondissement d&#8217;Anvers, division d&#8217;Anvers, sont comp\u00e9tents. Si le tribunal de paix \u00e9tait comp\u00e9tent, seul le Tirbunal du 5<sup>e<\/sup> canton d&#8217;Anvers est comp\u00e9tent.<\/p>\n<p><strong>Politique de confidentialit\u00e9<\/strong><\/p>\n<p>BRILLIANT traite les donn\u00e9es personnelles conform\u00e9ment \u00e0 la pr\u00e9sente d\u00e9claration de confidentialit\u00e9. Pour de plus amples informations, questions ou commentaires concernant notre politique de confidentialit\u00e9, veuillez contacter les responsables de BRILLIANT BV \u00e0 l&#8217;adresse <a href=\"http:\/\/www.brilliant-led.be\">www.brilliant-led.be<\/a> ou via <a href=\"mailto:info@brilliant-led.be\">info@brilliant-led.be<\/a>.<\/p>\n<p><em>Objectifs du traitement<\/em><\/p>\n<p>BRILLIANT collecte et traite les donn\u00e9es personnelles des clients et de la gestion des commandes (y compris l&#8217;administration des clients, le suivi des commandes\/livraisons, la facturation, le suivi de la solvabilit\u00e9, le profilage et l&#8217;envoi de marketing et de publicit\u00e9 personnalis\u00e9e).<\/p>\n<p><em>Motif(s) l\u00e9gal(aux) du traitement <\/em><\/p>\n<p>Les donn\u00e9es personnelles sont trait\u00e9es sur la base de l&#8217;article 6.1. [(a) le consentement,] [(b) (n\u00e9cessaire \u00e0 l&#8217;ex\u00e9cution d&#8217;un contrat),] [(c) (n\u00e9cessaire au respect d&#8217;une obligation l\u00e9gale)], [(f) (n\u00e9cessaire \u00e0 la r\u00e9alisation de notre int\u00e9r\u00eat l\u00e9gitime \u00e0 mener des activit\u00e9s)] du R\u00e8glement g\u00e9n\u00e9ral sur la protection des donn\u00e9es.<\/p>\n<p>Dans la mesure o\u00f9 le traitement des donn\u00e9es personnelles a lieu sur la base de l&#8217;article 6.1. (a) (consentement), le client a toujours le droit de retirer le consentement donn\u00e9.<\/p>\n<p><em>Transfert \u00e0 des tiers<\/em><\/p>\n<p>ISi cela est n\u00e9cessaire pour la r\u00e9alisation des objectifs pr\u00e9d\u00e9termin\u00e9s, les donn\u00e9es personnelles du Client seront partag\u00e9es avec d&#8217;autres soci\u00e9t\u00e9s du Groupe BRILLIANT au sein de l&#8217;Espace Economique Europ\u00e9en qui sont directement ou indirectement associ\u00e9es \u00e0 BRILLIANT ou avec tout autre partenaire de BRILLIANT;<\/p>\n<p>BRILLIANT garantit que ces destinataires prendront les mesures techniques et organisationnelles n\u00e9cessaires pour prot\u00e9ger les donn\u00e9es personnelles.<\/p>\n<p><em>P\u00e9riode de conservation<\/em><\/p>\n<p>Les donn\u00e9es \u00e0 caract\u00e8re personnel trait\u00e9es pour la gestion des clients seront conserv\u00e9es pendant la p\u00e9riode n\u00e9cessaire pour se conformer aux exigences l\u00e9gales (y compris dans le domaine de la comptabilit\u00e9).<\/p>\n<p><em>Droit d&#8217;acc\u00e8s, de rectification, d&#8217;effacement, de limitation, d&#8217;opposition et de portabilit\u00e9 des donn\u00e9es \u00e0 caract\u00e8re personnel<\/em><\/p>\n<p>Les clients ont le droit d&#8217;acc\u00e9der \u00e0 tout moment \u00e0 leurs donn\u00e9es personnelles et de les corriger (ou de les faire corriger) si elles sont inexactes ou incompl\u00e8tes, de les faire effacer, de faire restreindre leur traitement et de s&#8217;opposer au traitement des donn\u00e9es personnelles les concernant sur la base de l&#8217;article 6.1 (e) ou (f), y compris le profilage fond\u00e9 sur ces dispositions.<\/p>\n<p>En outre, le client a le droit d&#8217;obtenir une copie (sous une forme structur\u00e9e, commune et lisible par machine) de ses donn\u00e9es personnelles et de faire transf\u00e9rer ces donn\u00e9es \u00e0 une autre soci\u00e9t\u00e9.<\/p>\n<p>Afin d&#8217;exercer les droits susmentionn\u00e9s, le client est pri\u00e9 d&#8217;envoyer un courrier \u00e9lectronique \u00e0 l&#8217;adresse suivante : <a href=\"mailto:info@brilliant-led.be\">info@brilliant-led.be<\/a>.<\/p>\n<p><em>Marketing direct<\/em><\/p>\n<p>Les clients ont le droit de s&#8217;opposer, sans frais, \u00e0 tout traitement de leurs donn\u00e9es personnelles \u00e0 des fins de marketing direct.<\/p>\n<p><em>Plainte<\/em><\/p>\n<p>Le Client a le droit d&#8217;introduire une plainte aupr\u00e8s de la Commission de la protection de la vie priv\u00e9e (Rue du Printing Press 35, 1000 Bruxelles &#8211; <a href=\"mailto:commission@privacycommission.be\">commission@privacycommission.be<\/a> ).<\/p>\n<p><strong>L&#8217;utilisation des &#8220;cookies<\/strong><\/p>\n<p>Lors d&#8217;une visite sur le site, des &#8220;cookies&#8221; peuvent \u00eatre plac\u00e9s sur le disque dur de votre ordinateur. Un cookie est un fichier texte plac\u00e9 par le serveur d&#8217;un site web dans le navigateur de votre ordinateur ou sur votre appareil mobile lorsque vous consultez un site web. Les cookies ne peuvent pas \u00eatre utilis\u00e9s pour identifier des personnes, un cookie peut seulement identifier une machine.<\/p>\n<p>Vous pouvez configurer votre navigateur internet pour qu&#8217;il n&#8217;accepte pas les cookies, pour qu&#8217;il vous avertisse lorsqu&#8217;un cookie est install\u00e9 ou pour qu&#8217;il supprime ensuite les cookies de votre disque dur. Vous pouvez le faire par le biais des param\u00e8tres de votre navigateur (via la fonction d&#8217;aide). N&#8217;oubliez pas que certains graphiques peuvent ne pas appara\u00eetre correctement ou que vous ne pourrez pas utiliser certaines applications.<\/p>\n<p>En utilisant notre site web, vous acceptez que nous utilisions des cookies.<\/p>\n<p><strong>Google analytics<\/strong><\/p>\n<p>Ce site Web utilise Google Analytics, un service d&#8217;analyse du Web fourni par Google Inc. (\u201cGoogle\u201d). Google Analytics utilise des &#8220;cookies&#8221; (fichiers texte plac\u00e9s sur votre ordinateur) pour aider le site internet \u00e0 analyser l&#8217;utilisation du site par ses utilisateurs. Les informations g\u00e9n\u00e9r\u00e9es par les cookies concernant votre utilisation du site (y compris votre adresse IP) sont transf\u00e9r\u00e9es et stock\u00e9es par Google sur des serveurs situ\u00e9s aux \u00c9tats-Unis. Google utilise ces informations pour suivre votre utilisation du site, compiler des rapports sur l&#8217;activit\u00e9 du site \u00e0 l&#8217;intention de son exploitant et fournir d&#8217;autres services li\u00e9s \u00e0 l&#8217;activit\u00e9 du site et \u00e0 l&#8217;utilisation d&#8217;Internet. Google est susceptible de communiquer ces informations \u00e0 des tiers si la loi l&#8217;y oblige ou dans la mesure o\u00f9 ces tiers traitent ces informations pour le compte de Google. Google ne combinera pas votre adresse IP avec d&#8217;autres donn\u00e9es d\u00e9tenues par Google. Vous pouvez refuser l&#8217;utilisation de cookies en s\u00e9lectionnant les param\u00e8tres appropri\u00e9s dans votre navigateur. Toutefois, veuillez noter que, dans ce cas, vous ne pourrez peut-\u00eatre pas utiliser toutes les fonctionnalit\u00e9s de ce site web. En utilisant ce site Web, vous consentez au traitement de ces informations par Google de la mani\u00e8re et aux fins d\u00e9crites ci-dessus.<\/p>\n<p>Derni\u00e8re mise \u00e0 jour le 14 mai 2020.<\/p>\n\t\t\t\t\t\t\t\t<\/div>\n\t\t\t\t<\/div>\n\t\t\t\t\t<\/div>\n\t\t<\/div>\n\t\t\t\t\t<\/div>\n\t\t<\/section>\n\t\t\t\t<section class=\"elementor-section elementor-top-section elementor-element elementor-element-1170f975 driehoek-blauw-rb elementor-section-boxed elementor-section-height-default elementor-section-height-default\" data-id=\"1170f975\" data-element_type=\"section\" data-e-type=\"section\" data-settings=\"{&quot;jet_parallax_layout_list&quot;:[],&quot;background_background&quot;:&quot;classic&quot;}\">\n\t\t\t\t\t\t<div class=\"elementor-container elementor-column-gap-default\">\n\t\t\t\t\t<div class=\"elementor-column elementor-col-50 elementor-top-column elementor-element elementor-element-421c0237\" data-id=\"421c0237\" data-element_type=\"column\" data-e-type=\"column\">\n\t\t\t<div class=\"elementor-widget-wrap elementor-element-populated\">\n\t\t\t\t\t\t<div class=\"elementor-element elementor-element-4b986e11 elementor-widget elementor-widget-heading\" data-id=\"4b986e11\" data-element_type=\"widget\" data-e-type=\"widget\" data-widget_type=\"heading.default\">\n\t\t\t\t<div class=\"elementor-widget-container\">\n\t\t\t\t\t<h2 class=\"elementor-heading-title elementor-size-default\">FORMULAIRE DE CONFIDENTIALIT\u00c9<\/h2>\t\t\t\t<\/div>\n\t\t\t\t<\/div>\n\t\t\t\t<div class=\"elementor-element elementor-element-5c575036 elementor-widget elementor-widget-text-editor\" data-id=\"5c575036\" data-element_type=\"widget\" data-e-type=\"widget\" data-widget_type=\"text-editor.default\">\n\t\t\t\t<div class=\"elementor-widget-container\">\n\t\t\t\t\t\t\t\t\t<p>Utilisez ce formulaire si vous souhaitez consulter ou corriger les donn\u00e9es que nous g\u00e9rons pour vous.<\/p>\n<p>Vous pouvez \u00e9galement demander la suppression de toutes les donn\u00e9es que nous d\u00e9tenons \u00e0 votre sujet.<\/p>\n<p>Veuillez s\u00e9lectionner l&#8217;action souhait\u00e9e \u00e0 droite. Vous pouvez utiliser le champ &#8220;\u00c9l\u00e9ments suppl\u00e9mentaires&#8221; pour demander des \u00e9l\u00e9ments suppl\u00e9mentaires.<\/p>\n\t\t\t\t\t\t\t\t<\/div>\n\t\t\t\t<\/div>\n\t\t\t\t\t<\/div>\n\t\t<\/div>\n\t\t\t\t<div class=\"elementor-column elementor-col-50 elementor-top-column elementor-element elementor-element-2129031c\" data-id=\"2129031c\" data-element_type=\"column\" data-e-type=\"column\">\n\t\t\t<div class=\"elementor-widget-wrap elementor-element-populated\">\n\t\t\t\t\t\t<div class=\"elementor-element elementor-element-242b3a5f elementor-button-align-start contactformulier elementor-widget elementor-widget-form\" data-id=\"242b3a5f\" data-element_type=\"widget\" data-e-type=\"widget\" data-settings=\"{&quot;step_next_label&quot;:&quot;Suivant&quot;,&quot;step_previous_label&quot;:&quot;Pr\\u00e9c\\u00e9dent&quot;,&quot;button_width&quot;:&quot;100&quot;,&quot;step_type&quot;:&quot;number_text&quot;,&quot;step_icon_shape&quot;:&quot;circle&quot;}\" data-widget_type=\"form.default\">\n\t\t\t\t<div class=\"elementor-widget-container\">\n\t\t\t\t\t\t\t<form class=\"elementor-form\" method=\"post\" name=\"Formulaire de contact\" aria-label=\"Formulaire de contact\">\n\t\t\t<input type=\"hidden\" name=\"post_id\" value=\"2251\"\/>\n\t\t\t<input type=\"hidden\" name=\"form_id\" value=\"242b3a5f\"\/>\n\t\t\t<input type=\"hidden\" name=\"referer_title\" value=\"Politique de confidentialit\u00e9\" \/>\n\n\t\t\t\t\t\t\t<input type=\"hidden\" name=\"queried_id\" value=\"2251\"\/>\n\t\t\t\n\t\t\t<div class=\"elementor-form-fields-wrapper elementor-labels-above\">\n\t\t\t\t\t\t\t\t<div class=\"elementor-field-type-text elementor-field-group elementor-column elementor-field-group-name elementor-col-50\">\n\t\t\t\t\t\t\t\t\t\t\t\t<label for=\"form-field-name\" class=\"elementor-field-label\">\n\t\t\t\t\t\t\t\tPr\u00e9nom\t\t\t\t\t\t\t<\/label>\n\t\t\t\t\t\t\t\t\t\t\t\t\t\t<input size=\"1\" type=\"text\" name=\"form_fields[name]\" id=\"form-field-name\" class=\"elementor-field elementor-size-sm  elementor-field-textual\">\n\t\t\t\t\t\t\t\t\t\t\t<\/div>\n\t\t\t\t\t\t\t\t<div class=\"elementor-field-type-text elementor-field-group elementor-column elementor-field-group-field_408b680 elementor-col-50\">\n\t\t\t\t\t\t\t\t\t\t\t\t<label for=\"form-field-field_408b680\" class=\"elementor-field-label\">\n\t\t\t\t\t\t\t\tNom de famille\t\t\t\t\t\t\t<\/label>\n\t\t\t\t\t\t\t\t\t\t\t\t\t\t<input size=\"1\" type=\"text\" name=\"form_fields[field_408b680]\" id=\"form-field-field_408b680\" class=\"elementor-field elementor-size-sm  elementor-field-textual\">\n\t\t\t\t\t\t\t\t\t\t\t<\/div>\n\t\t\t\t\t\t\t\t<div class=\"elementor-field-type-email elementor-field-group elementor-column elementor-field-group-email elementor-col-100 elementor-field-required\">\n\t\t\t\t\t\t\t\t\t\t\t\t<label for=\"form-field-email\" class=\"elementor-field-label\">\n\t\t\t\t\t\t\t\tAdresse de courriel\t\t\t\t\t\t\t<\/label>\n\t\t\t\t\t\t\t\t\t\t\t\t\t\t<input size=\"1\" type=\"email\" name=\"form_fields[email]\" id=\"form-field-email\" class=\"elementor-field elementor-size-sm  elementor-field-textual\" required=\"required\">\n\t\t\t\t\t\t\t\t\t\t\t<\/div>\n\t\t\t\t\t\t\t\t<div class=\"elementor-field-type-checkbox elementor-field-group elementor-column elementor-field-group-field_13ad0f3 elementor-col-100\">\n\t\t\t\t\t<div class=\"elementor-field-subgroup  elementor-subgroup-inline\"><span class=\"elementor-field-option\"><input type=\"checkbox\" value=\"Inspection\" id=\"form-field-field_13ad0f3-0\" name=\"form_fields[field_13ad0f3][]\"> <label for=\"form-field-field_13ad0f3-0\">Inspection<\/label><\/span><span class=\"elementor-field-option\"><input type=\"checkbox\" value=\"Supprimer\" id=\"form-field-field_13ad0f3-1\" name=\"form_fields[field_13ad0f3][]\"> <label for=\"form-field-field_13ad0f3-1\">Supprimer<\/label><\/span><span class=\"elementor-field-option\"><input type=\"checkbox\" value=\"Correction\" id=\"form-field-field_13ad0f3-2\" name=\"form_fields[field_13ad0f3][]\"> <label for=\"form-field-field_13ad0f3-2\">Correction<\/label><\/span><\/div>\t\t\t\t<\/div>\n\t\t\t\t\t\t\t\t<div class=\"elementor-field-type-textarea elementor-field-group elementor-column elementor-field-group-message elementor-col-100\">\n\t\t\t\t\t\t\t\t\t\t\t\t<label for=\"form-field-message\" class=\"elementor-field-label\">\n\t\t\t\t\t\t\t\tVotre message\t\t\t\t\t\t\t<\/label>\n\t\t\t\t\t\t<textarea class=\"elementor-field-textual elementor-field  elementor-size-sm\" name=\"form_fields[message]\" id=\"form-field-message\" rows=\"4\"><\/textarea>\t\t\t\t<\/div>\n\t\t\t\t\t\t\t\t<div class=\"elementor-field-group elementor-column elementor-field-type-submit elementor-col-100 e-form__buttons\">\n\t\t\t\t\t<button class=\"elementor-button elementor-size-sm\" type=\"submit\">\n\t\t\t\t\t\t<span class=\"elementor-button-content-wrapper\">\n\t\t\t\t\t\t\t\t\t\t\t\t\t\t\t\t\t\t\t\t\t\t<span class=\"elementor-button-text\">Envoyer<\/span>\n\t\t\t\t\t\t\t\t\t\t\t\t\t<\/span>\n\t\t\t\t\t<\/button>\n\t\t\t\t<\/div>\n\t\t\t<\/div>\n\t\t<input\n                    class=\"apbct_special_field apbct_email_id__elementor_form\"\n                    name=\"apbct__email_id__elementor_form\"\n                    aria-label=\"apbct__label_id__elementor_form\"\n                    type=\"text\" size=\"30\" maxlength=\"200\" autocomplete=\"off\"\n                    value=\"\"\n                \/><\/form>\n\t\t\t\t\t\t<\/div>\n\t\t\t\t<\/div>\n\t\t\t\t\t<\/div>\n\t\t<\/div>\n\t\t\t\t\t<\/div>\n\t\t<\/section>\n\t\t\t\t<\/div>\n\t\t","protected":false},"excerpt":{"rendered":"<p>Politiquede confidentialit\u00e9 G\u00c9N\u00c9RALIT\u00c9S Les donn\u00e9es personnelles collect\u00e9es par le biais de ce site web ne sont utilis\u00e9es que dans le cadre du traitement des commandes, pour vous contacter et vous proposer des mises \u00e0 jour et du marketing. Ces informations resteront confidentielles et ne seront ni transmises ni vendues \u00e0 des tiers. Ce site web [&hellip;]<\/p>\n","protected":false},"author":3,"featured_media":0,"parent":0,"menu_order":0,"comment_status":"closed","ping_status":"closed","template":"","meta":{"_seopress_robots_primary_cat":"","_seopress_titles_title":"Politique de confidentialit\u00e9 - Brilliant LED Solutions","_seopress_titles_desc":"Nous avons des \u00e9crans LED pour les \u00e9v\u00e9nements int\u00e9rieurs, ext\u00e9rieurs, mobiles ou sportifs ! Acheter ou louer. Un \u00e9cran LED b\u00e9n\u00e9ficie d'une visibilit\u00e9 jusqu'\u00e0 8 fois sup\u00e9rieure gr\u00e2ce aux images en mouvement.","_seopress_robots_index":"","footnotes":""},"class_list":["post-2251","page","type-page","status-publish","hentry"],"_links":{"self":[{"href":"https:\/\/www.brilliant-led.be\/fr\/wp-json\/wp\/v2\/pages\/2251","targetHints":{"allow":["GET"]}}],"collection":[{"href":"https:\/\/www.brilliant-led.be\/fr\/wp-json\/wp\/v2\/pages"}],"about":[{"href":"https:\/\/www.brilliant-led.be\/fr\/wp-json\/wp\/v2\/types\/page"}],"author":[{"embeddable":true,"href":"https:\/\/www.brilliant-led.be\/fr\/wp-json\/wp\/v2\/users\/3"}],"replies":[{"embeddable":true,"href":"https:\/\/www.brilliant-led.be\/fr\/wp-json\/wp\/v2\/comments?post=2251"}],"version-history":[{"count":0,"href":"https:\/\/www.brilliant-led.be\/fr\/wp-json\/wp\/v2\/pages\/2251\/revisions"}],"wp:attachment":[{"href":"https:\/\/www.brilliant-led.be\/fr\/wp-json\/wp\/v2\/media?parent=2251"}],"curies":[{"name":"wp","href":"https:\/\/api.w.org\/{rel}","templated":true}]}}